{"id":119,"date":"2017-08-09T11:42:11","date_gmt":"2017-08-09T08:42:11","guid":{"rendered":"https:\/\/eduvisit.hyplusglobal.fi\/?page_id=119\/"},"modified":"2017-08-22T09:51:20","modified_gmt":"2017-08-22T06:51:20","slug":"studiebesok","status":"publish","type":"page","link":"https:\/\/eduvisit.hyplusglobal.fi\/sv\/studiebesok\/","title":{"rendered":"Studiebes\u00f6k"},"content":{"rendered":"<h3>Studiebes\u00f6k p\u00e5 olika enheter som samarbetar med skolorna<\/h3>\n<p>Helsingfors universitetsmuseum<\/p>\n<p><a href=\"http:\/\/www.museo.helsinki.fi\/svenska\/\">http:\/\/www.museo.helsinki.fi\/svenska\/<\/a><\/p>\n<p>Naturhistoriska centralmuseet (Naturhistoriska museet, Kajsaniemi botaniska tr\u00e4dg\u00e5rd, Gumt\u00e4kt botaniska tr\u00e4dg\u00e5rd)<\/p>\n<p><a href=\"https:\/\/www.luomus.fi\/sv\">https:\/\/www.luomus.fi\/sv<\/a><\/p>\n<p>Helsingfors observatorium<\/p>\n<p><a href=\"http:\/\/www.observatorio.fi\/svenska\/index.html\">http:\/\/www.observatorio.fi\/svenska\/index.html<\/a><\/p>\n<p>Vetenskapscentret Heureka<\/p>\n<p><a href=\"http:\/\/www.heureka.fi\/sv\">http:\/\/www.heureka.fi\/sv<\/a><\/p>\n<p>Tankeh\u00f6rnan<\/p>\n<p><a href=\"https:\/\/www.helsinki.fi\/sv\/aktuellt\/tankehornan\">https:\/\/www.helsinki.fi\/sv\/aktuellt\/tankehornan<\/a><\/p>\n<p>Helsingfors universitet grundades 1640 och \u00e4r det \u00e4ldsta universitetet i Finland. Vid universitetet studerar idag 36,500 studenter och d\u00e4rmed \u00e4r det ocks\u00e5 det st\u00f6rsta universitetet i Finland och ett av de ledande m\u00e5ngvetenskapliga universiteten i v\u00e4rlden. Universitetet \u00e4r ett internationellt tv\u00e5 spr\u00e5kigt (finska och svenska) universitet men mycket utbildning och forskning sker ocks\u00e5 p\u00e5 engelska. L\u00e4rarutbildningen \u00e4r en central utbildning inom universitetet och sedan h\u00f6sten 2016 ges utbildningen ocks\u00e5 p\u00e5 svenska.<\/p>\n","protected":false},"excerpt":{"rendered":"<p>Studiebes\u00f6k p\u00e5 olika enheter som samarbetar med skolorna Helsingfors universitetsmuseum http:\/\/www.museo.helsinki.fi\/svenska\/ Naturhistoriska centralmuseet (Naturhistoriska museet, Kajsaniemi botaniska tr\u00e4dg\u00e5rd, Gumt\u00e4kt botaniska tr\u00e4dg\u00e5rd) https:\/\/www.luomus.fi\/sv Helsingfors observatorium http:\/\/www.observatorio.fi\/svenska\/index.html Vetenskapscentret Heureka http:\/\/www.heureka.fi\/sv Tankeh\u00f6rnan https:\/\/www.helsinki.fi\/sv\/aktuellt\/tankehornan Helsingfors universitet grundades 1640 och \u00e4r det \u00e4ldsta universitetet i Finland. Vid universitetet studerar idag 36,500 studenter och d\u00e4rmed \u00e4r det ocks\u00e5 det st\u00f6rsta universitetet [&hellip;]<\/p>\n","protected":false},"author":1,"featured_media":0,"parent":0,"menu_order":0,"comment_status":"closed","ping_status":"closed","template":"","meta":{"footnotes":""},"yoast_head":"<!-- This site is optimized with the Yoast SEO plugin v22.6 - https:\/\/yoast.com\/wordpress\/plugins\/seo\/ -->\n<title>Studiebes\u00f6k - Eduvisit<\/title>\n<meta name=\"robots\" content=\"index, follow, max-snippet:-1, max-image-preview:large, max-video-preview:-1\" \/>\n<link rel=\"canonical\" href=\"https:\/\/eduvisit.hyplusglobal.fi\/sv\/studiebesok\/\" \/>\n<meta property=\"og:locale\" content=\"sv_SE\" \/>\n<meta property=\"og:type\" content=\"article\" \/>\n<meta property=\"og:title\" content=\"Studiebes\u00f6k - Eduvisit\" \/>\n<meta property=\"og:description\" content=\"Studiebes\u00f6k p\u00e5 olika enheter som samarbetar med skolorna Helsingfors universitetsmuseum http:\/\/www.museo.helsinki.fi\/svenska\/ Naturhistoriska centralmuseet (Naturhistoriska museet, Kajsaniemi botaniska tr\u00e4dg\u00e5rd, Gumt\u00e4kt botaniska tr\u00e4dg\u00e5rd) https:\/\/www.luomus.fi\/sv Helsingfors observatorium http:\/\/www.observatorio.fi\/svenska\/index.html Vetenskapscentret Heureka http:\/\/www.heureka.fi\/sv Tankeh\u00f6rnan https:\/\/www.helsinki.fi\/sv\/aktuellt\/tankehornan Helsingfors universitet grundades 1640 och \u00e4r det \u00e4ldsta universitetet i Finland. Vid universitetet studerar idag 36,500 studenter och d\u00e4rmed \u00e4r det ocks\u00e5 det st\u00f6rsta universitetet [&hellip;]\" \/>\n<meta property=\"og:url\" content=\"https:\/\/eduvisit.hyplusglobal.fi\/sv\/studiebesok\/\" \/>\n<meta property=\"og:site_name\" content=\"Eduvisit\" \/>\n<meta property=\"article:modified_time\" content=\"2017-08-22T06:51:20+00:00\" \/>\n<meta name=\"twitter:card\" content=\"summary_large_image\" \/>\n<meta name=\"twitter:label1\" content=\"Ber\u00e4knad l\u00e4stid\" \/>\n\t<meta name=\"twitter:data1\" content=\"1 minut\" \/>\n<script type=\"application\/ld+json\" class=\"yoast-schema-graph\">{\"@context\":\"https:\/\/schema.org\",\"@graph\":[{\"@type\":\"WebPage\",\"@id\":\"https:\/\/eduvisit.hyplusglobal.fi\/sv\/studiebesok\/\",\"url\":\"https:\/\/eduvisit.hyplusglobal.fi\/sv\/studiebesok\/\",\"name\":\"Studiebes\u00f6k - Eduvisit\",\"isPartOf\":{\"@id\":\"https:\/\/eduvisit.hyplusglobal.fi\/#website\"},\"datePublished\":\"2017-08-09T08:42:11+00:00\",\"dateModified\":\"2017-08-22T06:51:20+00:00\",\"breadcrumb\":{\"@id\":\"https:\/\/eduvisit.hyplusglobal.fi\/sv\/studiebesok\/#breadcrumb\"},\"inLanguage\":\"sv-SE\",\"potentialAction\":[{\"@type\":\"ReadAction\",\"target\":[\"https:\/\/eduvisit.hyplusglobal.fi\/sv\/studiebesok\/\"]}]},{\"@type\":\"BreadcrumbList\",\"@id\":\"https:\/\/eduvisit.hyplusglobal.fi\/sv\/studiebesok\/#breadcrumb\",\"itemListElement\":[{\"@type\":\"ListItem\",\"position\":1,\"name\":\"Home\",\"item\":\"https:\/\/eduvisit.hyplusglobal.fi\/sv\/\"},{\"@type\":\"ListItem\",\"position\":2,\"name\":\"Studiebes\u00f6k\"}]},{\"@type\":\"WebSite\",\"@id\":\"https:\/\/eduvisit.hyplusglobal.fi\/#website\",\"url\":\"https:\/\/eduvisit.hyplusglobal.fi\/\",\"name\":\"Eduvisit\",\"description\":\"Eduvisit | HY+ Global Univisits\",\"potentialAction\":[{\"@type\":\"SearchAction\",\"target\":{\"@type\":\"EntryPoint\",\"urlTemplate\":\"https:\/\/eduvisit.hyplusglobal.fi\/?s={search_term_string}\"},\"query-input\":\"required name=search_term_string\"}],\"inLanguage\":\"sv-SE\"}]}<\/script>\n<!-- \/ Yoast SEO plugin. -->","yoast_head_json":{"title":"Studiebes\u00f6k - Eduvisit","robots":{"index":"index","follow":"follow","max-snippet":"max-snippet:-1","max-image-preview":"max-image-preview:large","max-video-preview":"max-video-preview:-1"},"canonical":"https:\/\/eduvisit.hyplusglobal.fi\/sv\/studiebesok\/","og_locale":"sv_SE","og_type":"article","og_title":"Studiebes\u00f6k - Eduvisit","og_description":"Studiebes\u00f6k p\u00e5 olika enheter som samarbetar med skolorna Helsingfors universitetsmuseum http:\/\/www.museo.helsinki.fi\/svenska\/ Naturhistoriska centralmuseet (Naturhistoriska museet, Kajsaniemi botaniska tr\u00e4dg\u00e5rd, Gumt\u00e4kt botaniska tr\u00e4dg\u00e5rd) https:\/\/www.luomus.fi\/sv Helsingfors observatorium http:\/\/www.observatorio.fi\/svenska\/index.html Vetenskapscentret Heureka http:\/\/www.heureka.fi\/sv Tankeh\u00f6rnan https:\/\/www.helsinki.fi\/sv\/aktuellt\/tankehornan Helsingfors universitet grundades 1640 och \u00e4r det \u00e4ldsta universitetet i Finland. Vid universitetet studerar idag 36,500 studenter och d\u00e4rmed \u00e4r det ocks\u00e5 det st\u00f6rsta universitetet [&hellip;]","og_url":"https:\/\/eduvisit.hyplusglobal.fi\/sv\/studiebesok\/","og_site_name":"Eduvisit","article_modified_time":"2017-08-22T06:51:20+00:00","twitter_card":"summary_large_image","twitter_misc":{"Ber\u00e4knad l\u00e4stid":"1 minut"},"schema":{"@context":"https:\/\/schema.org","@graph":[{"@type":"WebPage","@id":"https:\/\/eduvisit.hyplusglobal.fi\/sv\/studiebesok\/","url":"https:\/\/eduvisit.hyplusglobal.fi\/sv\/studiebesok\/","name":"Studiebes\u00f6k - Eduvisit","isPartOf":{"@id":"https:\/\/eduvisit.hyplusglobal.fi\/#website"},"datePublished":"2017-08-09T08:42:11+00:00","dateModified":"2017-08-22T06:51:20+00:00","breadcrumb":{"@id":"https:\/\/eduvisit.hyplusglobal.fi\/sv\/studiebesok\/#breadcrumb"},"inLanguage":"sv-SE","potentialAction":[{"@type":"ReadAction","target":["https:\/\/eduvisit.hyplusglobal.fi\/sv\/studiebesok\/"]}]},{"@type":"BreadcrumbList","@id":"https:\/\/eduvisit.hyplusglobal.fi\/sv\/studiebesok\/#breadcrumb","itemListElement":[{"@type":"ListItem","position":1,"name":"Home","item":"https:\/\/eduvisit.hyplusglobal.fi\/sv\/"},{"@type":"ListItem","position":2,"name":"Studiebes\u00f6k"}]},{"@type":"WebSite","@id":"https:\/\/eduvisit.hyplusglobal.fi\/#website","url":"https:\/\/eduvisit.hyplusglobal.fi\/","name":"Eduvisit","description":"Eduvisit | HY+ Global Univisits","potentialAction":[{"@type":"SearchAction","target":{"@type":"EntryPoint","urlTemplate":"https:\/\/eduvisit.hyplusglobal.fi\/?s={search_term_string}"},"query-input":"required name=search_term_string"}],"inLanguage":"sv-SE"}]}},"_links":{"self":[{"href":"https:\/\/eduvisit.hyplusglobal.fi\/sv\/wp-json\/wp\/v2\/pages\/119\/"}],"collection":[{"href":"https:\/\/eduvisit.hyplusglobal.fi\/sv\/wp-json\/wp\/v2\/pages\/"}],"about":[{"href":"https:\/\/eduvisit.hyplusglobal.fi\/sv\/wp-json\/wp\/v2\/types\/page\/"}],"author":[{"embeddable":true,"href":"https:\/\/eduvisit.hyplusglobal.fi\/sv\/wp-json\/wp\/v2\/users\/1\/"}],"replies":[{"embeddable":true,"href":"https:\/\/eduvisit.hyplusglobal.fi\/sv\/wp-json\/wp\/v2\/comments\/?post=119"}],"version-history":[{"count":3,"href":"https:\/\/eduvisit.hyplusglobal.fi\/sv\/wp-json\/wp\/v2\/pages\/119\/revisions\/"}],"predecessor-version":[{"id":203,"href":"https:\/\/eduvisit.hyplusglobal.fi\/sv\/wp-json\/wp\/v2\/pages\/119\/revisions\/203\/"}],"wp:attachment":[{"href":"https:\/\/eduvisit.hyplusglobal.fi\/sv\/wp-json\/wp\/v2\/media\/?parent=119"}],"curies":[{"name":"wp","href":"https:\/\/api.w.org\/{rel}","templated":true}]}}