{"id":36,"date":"2017-08-08T13:48:21","date_gmt":"2017-08-08T10:48:21","guid":{"rendered":"https:\/\/eduvisit.hyplusglobal.fi\/?page_id=36\/"},"modified":"2017-08-18T10:54:07","modified_gmt":"2017-08-18T07:54:07","slug":"utbildning-i-finland","status":"publish","type":"page","link":"https:\/\/eduvisit.hyplusglobal.fi\/sv\/utbildning-i-finland\/","title":{"rendered":"Utbildning i Finland"},"content":{"rendered":"<p>Utbildningsstyrelsen (UBS) \u00e4r ett \u00e4mbetsverk som ansvarar f\u00f6r utvecklingen av undervisningen i Finland. UBS fungerar under \u00f6verinseende av Undervisningsministeriet. Du hittar en presentation om det finl\u00e4ndska utbildningssystemet samt en m\u00e4ngd olika utbildningsomr\u00e5den p\u00e5 UBSs webbplats.<br \/>\n<a href=\"http:\/\/www.oph.fi\/english\/SubPage.asp?path=447,4699\">Diagram p\u00e5 utbildningssystemet (UBS)<\/a><\/p>\n<h3>H\u00f6gskoleutbildningssystemet i Finland<\/h3>\n<p>Det finl\u00e4ndska utbildningssystemet best\u00e5r av grundl\u00e4ggande utbildning, gymnasieutbildning och yrkesutbildning, h\u00f6gskoleutbildning och vuxenutbildning. Mera information om h\u00f6gskoleutbildningen hittar du h\u00e4r <a href=\"http:\/\/www.minedu.fi\/OPM\/Koulutus\/?lang=en\">Utbildning i Finland (Utbildningsministeriet)<\/a><\/p>\n<h3>Livsl\u00e5ngt l\u00e4rande i Finland<\/h3>\n<p>Vuxenutbildningens policy \u00e4r att f\u00f6rse den vuxna befolkningen med ett brett utbud av studiem\u00f6jligheter. Finland erbjuder utm\u00e4rkta m\u00f6jligheter f\u00f6r livsl\u00e5ngt l\u00e4rande. Olika institutioner erbjuder ett stort utbud av kurser och program f\u00f6r vuxna p\u00e5 alla niv\u00e5er av formell utbildning. L\u00e4s mera om vuxenutbildningens system samt studier och examen p\u00e5 Utbildningsministeriets hemsida <a href=\"http:\/\/www.minedu.fi\/OPM\/Koulutus\/aikuiskoulutus_ja_vapaa_sivistystyoe\/index.html?lang=en\">Vuxenutbildning i Finland (Utbildningsministeriet)<\/a><\/p>\n","protected":false},"excerpt":{"rendered":"<p>Utbildningsstyrelsen (UBS) \u00e4r ett \u00e4mbetsverk som ansvarar f\u00f6r utvecklingen av undervisningen i Finland. UBS fungerar under \u00f6verinseende av Undervisningsministeriet. Du hittar en presentation om det finl\u00e4ndska utbildningssystemet samt en m\u00e4ngd olika utbildningsomr\u00e5den p\u00e5 UBSs webbplats. Diagram p\u00e5 utbildningssystemet (UBS) H\u00f6gskoleutbildningssystemet i Finland Det finl\u00e4ndska utbildningssystemet best\u00e5r av grundl\u00e4ggande utbildning, gymnasieutbildning och yrkesutbildning, h\u00f6gskoleutbildning och vuxenutbildning. [&hellip;]<\/p>\n","protected":false},"author":1,"featured_media":137,"parent":0,"menu_order":0,"comment_status":"closed","ping_status":"closed","template":"","meta":{"footnotes":""},"yoast_head":"<!-- This site is optimized with the Yoast SEO plugin v22.6 - https:\/\/yoast.com\/wordpress\/plugins\/seo\/ -->\n<title>Utbildning i Finland - Eduvisit<\/title>\n<meta name=\"robots\" content=\"index, follow, max-snippet:-1, max-image-preview:large, max-video-preview:-1\" \/>\n<link rel=\"canonical\" href=\"https:\/\/eduvisit.hyplusglobal.fi\/sv\/utbildning-i-finland\/\" \/>\n<meta property=\"og:locale\" content=\"sv_SE\" \/>\n<meta property=\"og:type\" content=\"article\" \/>\n<meta property=\"og:title\" content=\"Utbildning i Finland - Eduvisit\" \/>\n<meta property=\"og:description\" content=\"Utbildningsstyrelsen (UBS) \u00e4r ett \u00e4mbetsverk som ansvarar f\u00f6r utvecklingen av undervisningen i Finland. UBS fungerar under \u00f6verinseende av Undervisningsministeriet. Du hittar en presentation om det finl\u00e4ndska utbildningssystemet samt en m\u00e4ngd olika utbildningsomr\u00e5den p\u00e5 UBSs webbplats. Diagram p\u00e5 utbildningssystemet (UBS) H\u00f6gskoleutbildningssystemet i Finland Det finl\u00e4ndska utbildningssystemet best\u00e5r av grundl\u00e4ggande utbildning, gymnasieutbildning och yrkesutbildning, h\u00f6gskoleutbildning och vuxenutbildning. [&hellip;]\" \/>\n<meta property=\"og:url\" content=\"https:\/\/eduvisit.hyplusglobal.fi\/sv\/utbildning-i-finland\/\" \/>\n<meta property=\"og:site_name\" content=\"Eduvisit\" \/>\n<meta property=\"article:modified_time\" content=\"2017-08-18T07:54:07+00:00\" \/>\n<meta property=\"og:image\" content=\"https:\/\/eduvisit.hyplusglobal.fi\/wp-content\/uploads\/sites\/4\/2017\/08\/Eduvisit-education-in-finland_photo-HY_Linda-Tammisto.jpg\" \/>\n\t<meta property=\"og:image:width\" content=\"1920\" \/>\n\t<meta property=\"og:image:height\" content=\"1280\" \/>\n\t<meta property=\"og:image:type\" content=\"image\/jpeg\" \/>\n<meta name=\"twitter:card\" content=\"summary_large_image\" \/>\n<meta name=\"twitter:label1\" content=\"Ber\u00e4knad l\u00e4stid\" \/>\n\t<meta name=\"twitter:data1\" content=\"1 minut\" \/>\n<script type=\"application\/ld+json\" class=\"yoast-schema-graph\">{\"@context\":\"https:\/\/schema.org\",\"@graph\":[{\"@type\":\"WebPage\",\"@id\":\"https:\/\/eduvisit.hyplusglobal.fi\/sv\/utbildning-i-finland\/\",\"url\":\"https:\/\/eduvisit.hyplusglobal.fi\/sv\/utbildning-i-finland\/\",\"name\":\"Utbildning i Finland - Eduvisit\",\"isPartOf\":{\"@id\":\"https:\/\/eduvisit.hyplusglobal.fi\/#website\"},\"primaryImageOfPage\":{\"@id\":\"https:\/\/eduvisit.hyplusglobal.fi\/sv\/utbildning-i-finland\/#primaryimage\"},\"image\":{\"@id\":\"https:\/\/eduvisit.hyplusglobal.fi\/sv\/utbildning-i-finland\/#primaryimage\"},\"thumbnailUrl\":\"https:\/\/eduvisit.hyplusglobal.fi\/wp-content\/uploads\/sites\/4\/2017\/08\/Eduvisit-education-in-finland_photo-HY_Linda-Tammisto.jpg\",\"datePublished\":\"2017-08-08T10:48:21+00:00\",\"dateModified\":\"2017-08-18T07:54:07+00:00\",\"breadcrumb\":{\"@id\":\"https:\/\/eduvisit.hyplusglobal.fi\/sv\/utbildning-i-finland\/#breadcrumb\"},\"inLanguage\":\"sv-SE\",\"potentialAction\":[{\"@type\":\"ReadAction\",\"target\":[\"https:\/\/eduvisit.hyplusglobal.fi\/sv\/utbildning-i-finland\/\"]}]},{\"@type\":\"ImageObject\",\"inLanguage\":\"sv-SE\",\"@id\":\"https:\/\/eduvisit.hyplusglobal.fi\/sv\/utbildning-i-finland\/#primaryimage\",\"url\":\"https:\/\/eduvisit.hyplusglobal.fi\/wp-content\/uploads\/sites\/4\/2017\/08\/Eduvisit-education-in-finland_photo-HY_Linda-Tammisto.jpg\",\"contentUrl\":\"https:\/\/eduvisit.hyplusglobal.fi\/wp-content\/uploads\/sites\/4\/2017\/08\/Eduvisit-education-in-finland_photo-HY_Linda-Tammisto.jpg\",\"width\":1920,\"height\":1280},{\"@type\":\"BreadcrumbList\",\"@id\":\"https:\/\/eduvisit.hyplusglobal.fi\/sv\/utbildning-i-finland\/#breadcrumb\",\"itemListElement\":[{\"@type\":\"ListItem\",\"position\":1,\"name\":\"Home\",\"item\":\"https:\/\/eduvisit.hyplusglobal.fi\/sv\/\"},{\"@type\":\"ListItem\",\"position\":2,\"name\":\"Utbildning i Finland\"}]},{\"@type\":\"WebSite\",\"@id\":\"https:\/\/eduvisit.hyplusglobal.fi\/#website\",\"url\":\"https:\/\/eduvisit.hyplusglobal.fi\/\",\"name\":\"Eduvisit\",\"description\":\"Eduvisit | HY+ Global Univisits\",\"potentialAction\":[{\"@type\":\"SearchAction\",\"target\":{\"@type\":\"EntryPoint\",\"urlTemplate\":\"https:\/\/eduvisit.hyplusglobal.fi\/?s={search_term_string}\"},\"query-input\":\"required name=search_term_string\"}],\"inLanguage\":\"sv-SE\"}]}<\/script>\n<!-- \/ Yoast SEO plugin. -->","yoast_head_json":{"title":"Utbildning i Finland - Eduvisit","robots":{"index":"index","follow":"follow","max-snippet":"max-snippet:-1","max-image-preview":"max-image-preview:large","max-video-preview":"max-video-preview:-1"},"canonical":"https:\/\/eduvisit.hyplusglobal.fi\/sv\/utbildning-i-finland\/","og_locale":"sv_SE","og_type":"article","og_title":"Utbildning i Finland - Eduvisit","og_description":"Utbildningsstyrelsen (UBS) \u00e4r ett \u00e4mbetsverk som ansvarar f\u00f6r utvecklingen av undervisningen i Finland. UBS fungerar under \u00f6verinseende av Undervisningsministeriet. Du hittar en presentation om det finl\u00e4ndska utbildningssystemet samt en m\u00e4ngd olika utbildningsomr\u00e5den p\u00e5 UBSs webbplats. Diagram p\u00e5 utbildningssystemet (UBS) H\u00f6gskoleutbildningssystemet i Finland Det finl\u00e4ndska utbildningssystemet best\u00e5r av grundl\u00e4ggande utbildning, gymnasieutbildning och yrkesutbildning, h\u00f6gskoleutbildning och vuxenutbildning. [&hellip;]","og_url":"https:\/\/eduvisit.hyplusglobal.fi\/sv\/utbildning-i-finland\/","og_site_name":"Eduvisit","article_modified_time":"2017-08-18T07:54:07+00:00","og_image":[{"width":1920,"height":1280,"url":"https:\/\/eduvisit.hyplusglobal.fi\/wp-content\/uploads\/sites\/4\/2017\/08\/Eduvisit-education-in-finland_photo-HY_Linda-Tammisto.jpg","type":"image\/jpeg"}],"twitter_card":"summary_large_image","twitter_misc":{"Ber\u00e4knad l\u00e4stid":"1 minut"},"schema":{"@context":"https:\/\/schema.org","@graph":[{"@type":"WebPage","@id":"https:\/\/eduvisit.hyplusglobal.fi\/sv\/utbildning-i-finland\/","url":"https:\/\/eduvisit.hyplusglobal.fi\/sv\/utbildning-i-finland\/","name":"Utbildning i Finland - Eduvisit","isPartOf":{"@id":"https:\/\/eduvisit.hyplusglobal.fi\/#website"},"primaryImageOfPage":{"@id":"https:\/\/eduvisit.hyplusglobal.fi\/sv\/utbildning-i-finland\/#primaryimage"},"image":{"@id":"https:\/\/eduvisit.hyplusglobal.fi\/sv\/utbildning-i-finland\/#primaryimage"},"thumbnailUrl":"https:\/\/eduvisit.hyplusglobal.fi\/wp-content\/uploads\/sites\/4\/2017\/08\/Eduvisit-education-in-finland_photo-HY_Linda-Tammisto.jpg","datePublished":"2017-08-08T10:48:21+00:00","dateModified":"2017-08-18T07:54:07+00:00","breadcrumb":{"@id":"https:\/\/eduvisit.hyplusglobal.fi\/sv\/utbildning-i-finland\/#breadcrumb"},"inLanguage":"sv-SE","potentialAction":[{"@type":"ReadAction","target":["https:\/\/eduvisit.hyplusglobal.fi\/sv\/utbildning-i-finland\/"]}]},{"@type":"ImageObject","inLanguage":"sv-SE","@id":"https:\/\/eduvisit.hyplusglobal.fi\/sv\/utbildning-i-finland\/#primaryimage","url":"https:\/\/eduvisit.hyplusglobal.fi\/wp-content\/uploads\/sites\/4\/2017\/08\/Eduvisit-education-in-finland_photo-HY_Linda-Tammisto.jpg","contentUrl":"https:\/\/eduvisit.hyplusglobal.fi\/wp-content\/uploads\/sites\/4\/2017\/08\/Eduvisit-education-in-finland_photo-HY_Linda-Tammisto.jpg","width":1920,"height":1280},{"@type":"BreadcrumbList","@id":"https:\/\/eduvisit.hyplusglobal.fi\/sv\/utbildning-i-finland\/#breadcrumb","itemListElement":[{"@type":"ListItem","position":1,"name":"Home","item":"https:\/\/eduvisit.hyplusglobal.fi\/sv\/"},{"@type":"ListItem","position":2,"name":"Utbildning i Finland"}]},{"@type":"WebSite","@id":"https:\/\/eduvisit.hyplusglobal.fi\/#website","url":"https:\/\/eduvisit.hyplusglobal.fi\/","name":"Eduvisit","description":"Eduvisit | HY+ Global Univisits","potentialAction":[{"@type":"SearchAction","target":{"@type":"EntryPoint","urlTemplate":"https:\/\/eduvisit.hyplusglobal.fi\/?s={search_term_string}"},"query-input":"required name=search_term_string"}],"inLanguage":"sv-SE"}]}},"_links":{"self":[{"href":"https:\/\/eduvisit.hyplusglobal.fi\/sv\/wp-json\/wp\/v2\/pages\/36\/"}],"collection":[{"href":"https:\/\/eduvisit.hyplusglobal.fi\/sv\/wp-json\/wp\/v2\/pages\/"}],"about":[{"href":"https:\/\/eduvisit.hyplusglobal.fi\/sv\/wp-json\/wp\/v2\/types\/page\/"}],"author":[{"embeddable":true,"href":"https:\/\/eduvisit.hyplusglobal.fi\/sv\/wp-json\/wp\/v2\/users\/1\/"}],"replies":[{"embeddable":true,"href":"https:\/\/eduvisit.hyplusglobal.fi\/sv\/wp-json\/wp\/v2\/comments\/?post=36"}],"version-history":[{"count":4,"href":"https:\/\/eduvisit.hyplusglobal.fi\/sv\/wp-json\/wp\/v2\/pages\/36\/revisions\/"}],"predecessor-version":[{"id":187,"href":"https:\/\/eduvisit.hyplusglobal.fi\/sv\/wp-json\/wp\/v2\/pages\/36\/revisions\/187\/"}],"wp:featuredmedia":[{"embeddable":true,"href":"https:\/\/eduvisit.hyplusglobal.fi\/sv\/wp-json\/wp\/v2\/media\/137\/"}],"wp:attachment":[{"href":"https:\/\/eduvisit.hyplusglobal.fi\/sv\/wp-json\/wp\/v2\/media\/?parent=36"}],"curies":[{"name":"wp","href":"https:\/\/api.w.org\/{rel}","templated":true}]}}