{"id":90,"date":"2017-08-09T09:45:03","date_gmt":"2017-08-09T06:45:03","guid":{"rendered":"https:\/\/eduvisit.hyplusglobal.fi\/?page_id=90\/"},"modified":"2017-08-22T09:50:44","modified_gmt":"2017-08-22T06:50:44","slug":"expertforelasningar","status":"publish","type":"page","link":"https:\/\/eduvisit.hyplusglobal.fi\/sv\/expertforelasningar\/","title":{"rendered":"Expertf\u00f6rel\u00e4sningar"},"content":{"rendered":"<h3>Skr\u00e4ddarsydda akademiska presentationer och f\u00f6rel\u00e4sningar<\/h3>\n<p>Tack vare att Helsingfors universitet \u00e4r ett brett tv\u00e4rvetenskapligt universitet kan vi erbjuda f\u00f6rel\u00e4sningar inom m\u00e5nga olika discipliner allt utg\u00e5ende fr\u00e5n dina intressen. Vi kan ocks\u00e5 erbjuda \u00e4mnesdidaktiska f\u00f6rel\u00e4sningar.  Helsingfors universitet \u00e4r ett tv\u00e5-tre spr\u00e5kigt universitet s\u00e5 mycket kan ordnas p\u00e5 svenska eller engelska.<\/p>\n<p><a href=\"https:\/\/www.helsinki.fi\/sv\">https:\/\/www.helsinki.fi\/sv<\/a><\/p>\n","protected":false},"excerpt":{"rendered":"<p>Skr\u00e4ddarsydda akademiska presentationer och f\u00f6rel\u00e4sningar Tack vare att Helsingfors universitet \u00e4r ett brett tv\u00e4rvetenskapligt universitet kan vi erbjuda f\u00f6rel\u00e4sningar inom m\u00e5nga olika discipliner allt utg\u00e5ende fr\u00e5n dina intressen. Vi kan ocks\u00e5 erbjuda \u00e4mnesdidaktiska f\u00f6rel\u00e4sningar. Helsingfors universitet \u00e4r ett tv\u00e5-tre spr\u00e5kigt universitet s\u00e5 mycket kan ordnas p\u00e5 svenska eller engelska. https:\/\/www.helsinki.fi\/sv<\/p>\n","protected":false},"author":1,"featured_media":135,"parent":0,"menu_order":0,"comment_status":"closed","ping_status":"closed","template":"","meta":{"footnotes":""},"yoast_head":"<!-- This site is optimized with the Yoast SEO plugin v22.6 - https:\/\/yoast.com\/wordpress\/plugins\/seo\/ -->\n<title>Expertf\u00f6rel\u00e4sningar - Eduvisit<\/title>\n<meta name=\"robots\" content=\"index, follow, max-snippet:-1, max-image-preview:large, max-video-preview:-1\" \/>\n<link rel=\"canonical\" href=\"https:\/\/eduvisit.hyplusglobal.fi\/sv\/expertforelasningar\/\" \/>\n<meta property=\"og:locale\" content=\"sv_SE\" \/>\n<meta property=\"og:type\" content=\"article\" \/>\n<meta property=\"og:title\" content=\"Expertf\u00f6rel\u00e4sningar - Eduvisit\" \/>\n<meta property=\"og:description\" content=\"Skr\u00e4ddarsydda akademiska presentationer och f\u00f6rel\u00e4sningar Tack vare att Helsingfors universitet \u00e4r ett brett tv\u00e4rvetenskapligt universitet kan vi erbjuda f\u00f6rel\u00e4sningar inom m\u00e5nga olika discipliner allt utg\u00e5ende fr\u00e5n dina intressen. Vi kan ocks\u00e5 erbjuda \u00e4mnesdidaktiska f\u00f6rel\u00e4sningar. Helsingfors universitet \u00e4r ett tv\u00e5-tre spr\u00e5kigt universitet s\u00e5 mycket kan ordnas p\u00e5 svenska eller engelska. https:\/\/www.helsinki.fi\/sv\" \/>\n<meta property=\"og:url\" content=\"https:\/\/eduvisit.hyplusglobal.fi\/sv\/expertforelasningar\/\" \/>\n<meta property=\"og:site_name\" content=\"Eduvisit\" \/>\n<meta property=\"article:modified_time\" content=\"2017-08-22T06:50:44+00:00\" \/>\n<meta property=\"og:image\" content=\"https:\/\/eduvisit.hyplusglobal.fi\/wp-content\/uploads\/sites\/4\/2017\/08\/Eduvisit-customized-lectures_VeikkoSomerpuro.jpg\" \/>\n\t<meta property=\"og:image:width\" content=\"1920\" \/>\n\t<meta property=\"og:image:height\" content=\"1278\" \/>\n\t<meta property=\"og:image:type\" content=\"image\/jpeg\" \/>\n<meta name=\"twitter:card\" content=\"summary_large_image\" \/>\n<script type=\"application\/ld+json\" class=\"yoast-schema-graph\">{\"@context\":\"https:\/\/schema.org\",\"@graph\":[{\"@type\":\"WebPage\",\"@id\":\"https:\/\/eduvisit.hyplusglobal.fi\/sv\/expertforelasningar\/\",\"url\":\"https:\/\/eduvisit.hyplusglobal.fi\/sv\/expertforelasningar\/\",\"name\":\"Expertf\u00f6rel\u00e4sningar - Eduvisit\",\"isPartOf\":{\"@id\":\"https:\/\/eduvisit.hyplusglobal.fi\/#website\"},\"primaryImageOfPage\":{\"@id\":\"https:\/\/eduvisit.hyplusglobal.fi\/sv\/expertforelasningar\/#primaryimage\"},\"image\":{\"@id\":\"https:\/\/eduvisit.hyplusglobal.fi\/sv\/expertforelasningar\/#primaryimage\"},\"thumbnailUrl\":\"https:\/\/eduvisit.hyplusglobal.fi\/wp-content\/uploads\/sites\/4\/2017\/08\/Eduvisit-customized-lectures_VeikkoSomerpuro.jpg\",\"datePublished\":\"2017-08-09T06:45:03+00:00\",\"dateModified\":\"2017-08-22T06:50:44+00:00\",\"breadcrumb\":{\"@id\":\"https:\/\/eduvisit.hyplusglobal.fi\/sv\/expertforelasningar\/#breadcrumb\"},\"inLanguage\":\"sv-SE\",\"potentialAction\":[{\"@type\":\"ReadAction\",\"target\":[\"https:\/\/eduvisit.hyplusglobal.fi\/sv\/expertforelasningar\/\"]}]},{\"@type\":\"ImageObject\",\"inLanguage\":\"sv-SE\",\"@id\":\"https:\/\/eduvisit.hyplusglobal.fi\/sv\/expertforelasningar\/#primaryimage\",\"url\":\"https:\/\/eduvisit.hyplusglobal.fi\/wp-content\/uploads\/sites\/4\/2017\/08\/Eduvisit-customized-lectures_VeikkoSomerpuro.jpg\",\"contentUrl\":\"https:\/\/eduvisit.hyplusglobal.fi\/wp-content\/uploads\/sites\/4\/2017\/08\/Eduvisit-customized-lectures_VeikkoSomerpuro.jpg\",\"width\":1920,\"height\":1278},{\"@type\":\"BreadcrumbList\",\"@id\":\"https:\/\/eduvisit.hyplusglobal.fi\/sv\/expertforelasningar\/#breadcrumb\",\"itemListElement\":[{\"@type\":\"ListItem\",\"position\":1,\"name\":\"Home\",\"item\":\"https:\/\/eduvisit.hyplusglobal.fi\/sv\/\"},{\"@type\":\"ListItem\",\"position\":2,\"name\":\"Expertf\u00f6rel\u00e4sningar\"}]},{\"@type\":\"WebSite\",\"@id\":\"https:\/\/eduvisit.hyplusglobal.fi\/#website\",\"url\":\"https:\/\/eduvisit.hyplusglobal.fi\/\",\"name\":\"Eduvisit\",\"description\":\"Eduvisit | HY+ Global Univisits\",\"potentialAction\":[{\"@type\":\"SearchAction\",\"target\":{\"@type\":\"EntryPoint\",\"urlTemplate\":\"https:\/\/eduvisit.hyplusglobal.fi\/?s={search_term_string}\"},\"query-input\":\"required name=search_term_string\"}],\"inLanguage\":\"sv-SE\"}]}<\/script>\n<!-- \/ Yoast SEO plugin. -->","yoast_head_json":{"title":"Expertf\u00f6rel\u00e4sningar - Eduvisit","robots":{"index":"index","follow":"follow","max-snippet":"max-snippet:-1","max-image-preview":"max-image-preview:large","max-video-preview":"max-video-preview:-1"},"canonical":"https:\/\/eduvisit.hyplusglobal.fi\/sv\/expertforelasningar\/","og_locale":"sv_SE","og_type":"article","og_title":"Expertf\u00f6rel\u00e4sningar - Eduvisit","og_description":"Skr\u00e4ddarsydda akademiska presentationer och f\u00f6rel\u00e4sningar Tack vare att Helsingfors universitet \u00e4r ett brett tv\u00e4rvetenskapligt universitet kan vi erbjuda f\u00f6rel\u00e4sningar inom m\u00e5nga olika discipliner allt utg\u00e5ende fr\u00e5n dina intressen. Vi kan ocks\u00e5 erbjuda \u00e4mnesdidaktiska f\u00f6rel\u00e4sningar. Helsingfors universitet \u00e4r ett tv\u00e5-tre spr\u00e5kigt universitet s\u00e5 mycket kan ordnas p\u00e5 svenska eller engelska. https:\/\/www.helsinki.fi\/sv","og_url":"https:\/\/eduvisit.hyplusglobal.fi\/sv\/expertforelasningar\/","og_site_name":"Eduvisit","article_modified_time":"2017-08-22T06:50:44+00:00","og_image":[{"width":1920,"height":1278,"url":"https:\/\/eduvisit.hyplusglobal.fi\/wp-content\/uploads\/sites\/4\/2017\/08\/Eduvisit-customized-lectures_VeikkoSomerpuro.jpg","type":"image\/jpeg"}],"twitter_card":"summary_large_image","schema":{"@context":"https:\/\/schema.org","@graph":[{"@type":"WebPage","@id":"https:\/\/eduvisit.hyplusglobal.fi\/sv\/expertforelasningar\/","url":"https:\/\/eduvisit.hyplusglobal.fi\/sv\/expertforelasningar\/","name":"Expertf\u00f6rel\u00e4sningar - Eduvisit","isPartOf":{"@id":"https:\/\/eduvisit.hyplusglobal.fi\/#website"},"primaryImageOfPage":{"@id":"https:\/\/eduvisit.hyplusglobal.fi\/sv\/expertforelasningar\/#primaryimage"},"image":{"@id":"https:\/\/eduvisit.hyplusglobal.fi\/sv\/expertforelasningar\/#primaryimage"},"thumbnailUrl":"https:\/\/eduvisit.hyplusglobal.fi\/wp-content\/uploads\/sites\/4\/2017\/08\/Eduvisit-customized-lectures_VeikkoSomerpuro.jpg","datePublished":"2017-08-09T06:45:03+00:00","dateModified":"2017-08-22T06:50:44+00:00","breadcrumb":{"@id":"https:\/\/eduvisit.hyplusglobal.fi\/sv\/expertforelasningar\/#breadcrumb"},"inLanguage":"sv-SE","potentialAction":[{"@type":"ReadAction","target":["https:\/\/eduvisit.hyplusglobal.fi\/sv\/expertforelasningar\/"]}]},{"@type":"ImageObject","inLanguage":"sv-SE","@id":"https:\/\/eduvisit.hyplusglobal.fi\/sv\/expertforelasningar\/#primaryimage","url":"https:\/\/eduvisit.hyplusglobal.fi\/wp-content\/uploads\/sites\/4\/2017\/08\/Eduvisit-customized-lectures_VeikkoSomerpuro.jpg","contentUrl":"https:\/\/eduvisit.hyplusglobal.fi\/wp-content\/uploads\/sites\/4\/2017\/08\/Eduvisit-customized-lectures_VeikkoSomerpuro.jpg","width":1920,"height":1278},{"@type":"BreadcrumbList","@id":"https:\/\/eduvisit.hyplusglobal.fi\/sv\/expertforelasningar\/#breadcrumb","itemListElement":[{"@type":"ListItem","position":1,"name":"Home","item":"https:\/\/eduvisit.hyplusglobal.fi\/sv\/"},{"@type":"ListItem","position":2,"name":"Expertf\u00f6rel\u00e4sningar"}]},{"@type":"WebSite","@id":"https:\/\/eduvisit.hyplusglobal.fi\/#website","url":"https:\/\/eduvisit.hyplusglobal.fi\/","name":"Eduvisit","description":"Eduvisit | HY+ Global Univisits","potentialAction":[{"@type":"SearchAction","target":{"@type":"EntryPoint","urlTemplate":"https:\/\/eduvisit.hyplusglobal.fi\/?s={search_term_string}"},"query-input":"required name=search_term_string"}],"inLanguage":"sv-SE"}]}},"_links":{"self":[{"href":"https:\/\/eduvisit.hyplusglobal.fi\/sv\/wp-json\/wp\/v2\/pages\/90\/"}],"collection":[{"href":"https:\/\/eduvisit.hyplusglobal.fi\/sv\/wp-json\/wp\/v2\/pages\/"}],"about":[{"href":"https:\/\/eduvisit.hyplusglobal.fi\/sv\/wp-json\/wp\/v2\/types\/page\/"}],"author":[{"embeddable":true,"href":"https:\/\/eduvisit.hyplusglobal.fi\/sv\/wp-json\/wp\/v2\/users\/1\/"}],"replies":[{"embeddable":true,"href":"https:\/\/eduvisit.hyplusglobal.fi\/sv\/wp-json\/wp\/v2\/comments\/?post=90"}],"version-history":[{"count":4,"href":"https:\/\/eduvisit.hyplusglobal.fi\/sv\/wp-json\/wp\/v2\/pages\/90\/revisions\/"}],"predecessor-version":[{"id":202,"href":"https:\/\/eduvisit.hyplusglobal.fi\/sv\/wp-json\/wp\/v2\/pages\/90\/revisions\/202\/"}],"wp:featuredmedia":[{"embeddable":true,"href":"https:\/\/eduvisit.hyplusglobal.fi\/sv\/wp-json\/wp\/v2\/media\/135\/"}],"wp:attachment":[{"href":"https:\/\/eduvisit.hyplusglobal.fi\/sv\/wp-json\/wp\/v2\/media\/?parent=90"}],"curies":[{"name":"wp","href":"https:\/\/api.w.org\/{rel}","templated":true}]}}