{"id":94,"date":"2017-08-09T09:46:58","date_gmt":"2017-08-09T06:46:58","guid":{"rendered":"https:\/\/eduvisit.hyplusglobal.fi\/?page_id=94\/"},"modified":"2021-01-13T17:13:47","modified_gmt":"2021-01-13T15:13:47","slug":"grundskolor-gymnasium","status":"publish","type":"page","link":"https:\/\/eduvisit.hyplusglobal.fi\/sv\/grundskolor-gymnasium\/","title":{"rendered":"Grundskolor + gymnasium"},"content":{"rendered":"<h3>Bes\u00f6k till l\u00e5gstadie-, h\u00f6gstadie-, eller gymnasieskolor<\/h3>\n<p><strong>I Helsingfors finns det svenska skolor p\u00e5 alla niv\u00e5er.<\/strong><\/p>\n<p><a href=\"https:\/\/www.hel.fi\/peruskoulut\/sv\/skolor\/\">https:\/\/www.hel.fi\/peruskoulut\/sv\/skolor\/<\/a><\/p>\n","protected":false},"excerpt":{"rendered":"<p>Bes\u00f6k till l\u00e5gstadie-, h\u00f6gstadie-, eller gymnasieskolor I Helsingfors finns det svenska skolor p\u00e5 alla niv\u00e5er. https:\/\/www.hel.fi\/peruskoulut\/sv\/skolor\/<\/p>\n","protected":false},"author":1,"featured_media":142,"parent":0,"menu_order":0,"comment_status":"closed","ping_status":"closed","template":"","meta":{"footnotes":""},"yoast_head":"<!-- This site is optimized with the Yoast SEO plugin v22.6 - https:\/\/yoast.com\/wordpress\/plugins\/seo\/ -->\n<title>Grundskolor + gymnasium - Eduvisit<\/title>\n<meta name=\"robots\" content=\"index, follow, max-snippet:-1, max-image-preview:large, max-video-preview:-1\" \/>\n<link rel=\"canonical\" href=\"https:\/\/eduvisit.hyplusglobal.fi\/sv\/grundskolor-gymnasium\/\" \/>\n<meta property=\"og:locale\" content=\"sv_SE\" \/>\n<meta property=\"og:type\" content=\"article\" \/>\n<meta property=\"og:title\" content=\"Grundskolor + gymnasium - Eduvisit\" \/>\n<meta property=\"og:description\" content=\"Bes\u00f6k till l\u00e5gstadie-, h\u00f6gstadie-, eller gymnasieskolor I Helsingfors finns det svenska skolor p\u00e5 alla niv\u00e5er. https:\/\/www.hel.fi\/peruskoulut\/sv\/skolor\/\" \/>\n<meta property=\"og:url\" content=\"https:\/\/eduvisit.hyplusglobal.fi\/sv\/grundskolor-gymnasium\/\" \/>\n<meta property=\"og:site_name\" content=\"Eduvisit\" \/>\n<meta property=\"article:modified_time\" content=\"2021-01-13T15:13:47+00:00\" \/>\n<meta property=\"og:image\" content=\"https:\/\/eduvisit.hyplusglobal.fi\/wp-content\/uploads\/sites\/4\/2017\/08\/Eduvisit-visits-public-schools.jpg\" \/>\n\t<meta property=\"og:image:width\" content=\"1920\" \/>\n\t<meta property=\"og:image:height\" content=\"1439\" \/>\n\t<meta property=\"og:image:type\" content=\"image\/jpeg\" \/>\n<meta name=\"twitter:card\" content=\"summary_large_image\" \/>\n<meta name=\"twitter:label1\" content=\"Ber\u00e4knad l\u00e4stid\" \/>\n\t<meta name=\"twitter:data1\" content=\"1 minut\" \/>\n<script type=\"application\/ld+json\" class=\"yoast-schema-graph\">{\"@context\":\"https:\/\/schema.org\",\"@graph\":[{\"@type\":\"WebPage\",\"@id\":\"https:\/\/eduvisit.hyplusglobal.fi\/sv\/grundskolor-gymnasium\/\",\"url\":\"https:\/\/eduvisit.hyplusglobal.fi\/sv\/grundskolor-gymnasium\/\",\"name\":\"Grundskolor + gymnasium - Eduvisit\",\"isPartOf\":{\"@id\":\"https:\/\/eduvisit.hyplusglobal.fi\/#website\"},\"primaryImageOfPage\":{\"@id\":\"https:\/\/eduvisit.hyplusglobal.fi\/sv\/grundskolor-gymnasium\/#primaryimage\"},\"image\":{\"@id\":\"https:\/\/eduvisit.hyplusglobal.fi\/sv\/grundskolor-gymnasium\/#primaryimage\"},\"thumbnailUrl\":\"https:\/\/eduvisit.hyplusglobal.fi\/wp-content\/uploads\/sites\/4\/2017\/08\/Eduvisit-visits-public-schools.jpg\",\"datePublished\":\"2017-08-09T06:46:58+00:00\",\"dateModified\":\"2021-01-13T15:13:47+00:00\",\"breadcrumb\":{\"@id\":\"https:\/\/eduvisit.hyplusglobal.fi\/sv\/grundskolor-gymnasium\/#breadcrumb\"},\"inLanguage\":\"sv-SE\",\"potentialAction\":[{\"@type\":\"ReadAction\",\"target\":[\"https:\/\/eduvisit.hyplusglobal.fi\/sv\/grundskolor-gymnasium\/\"]}]},{\"@type\":\"ImageObject\",\"inLanguage\":\"sv-SE\",\"@id\":\"https:\/\/eduvisit.hyplusglobal.fi\/sv\/grundskolor-gymnasium\/#primaryimage\",\"url\":\"https:\/\/eduvisit.hyplusglobal.fi\/wp-content\/uploads\/sites\/4\/2017\/08\/Eduvisit-visits-public-schools.jpg\",\"contentUrl\":\"https:\/\/eduvisit.hyplusglobal.fi\/wp-content\/uploads\/sites\/4\/2017\/08\/Eduvisit-visits-public-schools.jpg\",\"width\":1920,\"height\":1439},{\"@type\":\"BreadcrumbList\",\"@id\":\"https:\/\/eduvisit.hyplusglobal.fi\/sv\/grundskolor-gymnasium\/#breadcrumb\",\"itemListElement\":[{\"@type\":\"ListItem\",\"position\":1,\"name\":\"Home\",\"item\":\"https:\/\/eduvisit.hyplusglobal.fi\/sv\/\"},{\"@type\":\"ListItem\",\"position\":2,\"name\":\"Grundskolor + gymnasium\"}]},{\"@type\":\"WebSite\",\"@id\":\"https:\/\/eduvisit.hyplusglobal.fi\/#website\",\"url\":\"https:\/\/eduvisit.hyplusglobal.fi\/\",\"name\":\"Eduvisit\",\"description\":\"Eduvisit | HY+ Global Univisits\",\"potentialAction\":[{\"@type\":\"SearchAction\",\"target\":{\"@type\":\"EntryPoint\",\"urlTemplate\":\"https:\/\/eduvisit.hyplusglobal.fi\/?s={search_term_string}\"},\"query-input\":\"required name=search_term_string\"}],\"inLanguage\":\"sv-SE\"}]}<\/script>\n<!-- \/ Yoast SEO plugin. -->","yoast_head_json":{"title":"Grundskolor + gymnasium - Eduvisit","robots":{"index":"index","follow":"follow","max-snippet":"max-snippet:-1","max-image-preview":"max-image-preview:large","max-video-preview":"max-video-preview:-1"},"canonical":"https:\/\/eduvisit.hyplusglobal.fi\/sv\/grundskolor-gymnasium\/","og_locale":"sv_SE","og_type":"article","og_title":"Grundskolor + gymnasium - Eduvisit","og_description":"Bes\u00f6k till l\u00e5gstadie-, h\u00f6gstadie-, eller gymnasieskolor I Helsingfors finns det svenska skolor p\u00e5 alla niv\u00e5er. https:\/\/www.hel.fi\/peruskoulut\/sv\/skolor\/","og_url":"https:\/\/eduvisit.hyplusglobal.fi\/sv\/grundskolor-gymnasium\/","og_site_name":"Eduvisit","article_modified_time":"2021-01-13T15:13:47+00:00","og_image":[{"width":1920,"height":1439,"url":"https:\/\/eduvisit.hyplusglobal.fi\/wp-content\/uploads\/sites\/4\/2017\/08\/Eduvisit-visits-public-schools.jpg","type":"image\/jpeg"}],"twitter_card":"summary_large_image","twitter_misc":{"Ber\u00e4knad l\u00e4stid":"1 minut"},"schema":{"@context":"https:\/\/schema.org","@graph":[{"@type":"WebPage","@id":"https:\/\/eduvisit.hyplusglobal.fi\/sv\/grundskolor-gymnasium\/","url":"https:\/\/eduvisit.hyplusglobal.fi\/sv\/grundskolor-gymnasium\/","name":"Grundskolor + gymnasium - Eduvisit","isPartOf":{"@id":"https:\/\/eduvisit.hyplusglobal.fi\/#website"},"primaryImageOfPage":{"@id":"https:\/\/eduvisit.hyplusglobal.fi\/sv\/grundskolor-gymnasium\/#primaryimage"},"image":{"@id":"https:\/\/eduvisit.hyplusglobal.fi\/sv\/grundskolor-gymnasium\/#primaryimage"},"thumbnailUrl":"https:\/\/eduvisit.hyplusglobal.fi\/wp-content\/uploads\/sites\/4\/2017\/08\/Eduvisit-visits-public-schools.jpg","datePublished":"2017-08-09T06:46:58+00:00","dateModified":"2021-01-13T15:13:47+00:00","breadcrumb":{"@id":"https:\/\/eduvisit.hyplusglobal.fi\/sv\/grundskolor-gymnasium\/#breadcrumb"},"inLanguage":"sv-SE","potentialAction":[{"@type":"ReadAction","target":["https:\/\/eduvisit.hyplusglobal.fi\/sv\/grundskolor-gymnasium\/"]}]},{"@type":"ImageObject","inLanguage":"sv-SE","@id":"https:\/\/eduvisit.hyplusglobal.fi\/sv\/grundskolor-gymnasium\/#primaryimage","url":"https:\/\/eduvisit.hyplusglobal.fi\/wp-content\/uploads\/sites\/4\/2017\/08\/Eduvisit-visits-public-schools.jpg","contentUrl":"https:\/\/eduvisit.hyplusglobal.fi\/wp-content\/uploads\/sites\/4\/2017\/08\/Eduvisit-visits-public-schools.jpg","width":1920,"height":1439},{"@type":"BreadcrumbList","@id":"https:\/\/eduvisit.hyplusglobal.fi\/sv\/grundskolor-gymnasium\/#breadcrumb","itemListElement":[{"@type":"ListItem","position":1,"name":"Home","item":"https:\/\/eduvisit.hyplusglobal.fi\/sv\/"},{"@type":"ListItem","position":2,"name":"Grundskolor + gymnasium"}]},{"@type":"WebSite","@id":"https:\/\/eduvisit.hyplusglobal.fi\/#website","url":"https:\/\/eduvisit.hyplusglobal.fi\/","name":"Eduvisit","description":"Eduvisit | HY+ Global Univisits","potentialAction":[{"@type":"SearchAction","target":{"@type":"EntryPoint","urlTemplate":"https:\/\/eduvisit.hyplusglobal.fi\/?s={search_term_string}"},"query-input":"required name=search_term_string"}],"inLanguage":"sv-SE"}]}},"_links":{"self":[{"href":"https:\/\/eduvisit.hyplusglobal.fi\/sv\/wp-json\/wp\/v2\/pages\/94\/"}],"collection":[{"href":"https:\/\/eduvisit.hyplusglobal.fi\/sv\/wp-json\/wp\/v2\/pages\/"}],"about":[{"href":"https:\/\/eduvisit.hyplusglobal.fi\/sv\/wp-json\/wp\/v2\/types\/page\/"}],"author":[{"embeddable":true,"href":"https:\/\/eduvisit.hyplusglobal.fi\/sv\/wp-json\/wp\/v2\/users\/1\/"}],"replies":[{"embeddable":true,"href":"https:\/\/eduvisit.hyplusglobal.fi\/sv\/wp-json\/wp\/v2\/comments\/?post=94"}],"version-history":[{"count":5,"href":"https:\/\/eduvisit.hyplusglobal.fi\/sv\/wp-json\/wp\/v2\/pages\/94\/revisions\/"}],"predecessor-version":[{"id":877,"href":"https:\/\/eduvisit.hyplusglobal.fi\/sv\/wp-json\/wp\/v2\/pages\/94\/revisions\/877\/"}],"wp:featuredmedia":[{"embeddable":true,"href":"https:\/\/eduvisit.hyplusglobal.fi\/sv\/wp-json\/wp\/v2\/media\/142\/"}],"wp:attachment":[{"href":"https:\/\/eduvisit.hyplusglobal.fi\/sv\/wp-json\/wp\/v2\/media\/?parent=94"}],"curies":[{"name":"wp","href":"https:\/\/api.w.org\/{rel}","templated":true}]}}