{"id":96,"date":"2017-08-09T09:47:45","date_gmt":"2017-08-09T06:47:45","guid":{"rendered":"https:\/\/eduvisit.hyplusglobal.fi\/?page_id=96\/"},"modified":"2017-08-22T09:48:19","modified_gmt":"2017-08-22T06:48:19","slug":"utbildningsstyrelsen","status":"publish","type":"page","link":"https:\/\/eduvisit.hyplusglobal.fi\/sv\/utbildningsstyrelsen\/","title":{"rendered":"Utbildningsstyrelsen"},"content":{"rendered":"<h3>Bes\u00f6k till Utbildningsstyrelsen<\/h3>\n<p><strong>P\u00e5 utbildningsstyrelsen f\u00e5r du l\u00e4ra dig mer om utbildningssystemet i Finland, aktuella politiska fr\u00e5gor och den kontinuerliga utvecklingen av utbildningen.<\/strong><\/p>\n<p><a href=\"http:\/\/www.oph.fi\/startsidan\" target=\"_blank\">http:\/\/www.oph.fi<\/a><\/p>\n","protected":false},"excerpt":{"rendered":"<p>Bes\u00f6k till Utbildningsstyrelsen P\u00e5 utbildningsstyrelsen f\u00e5r du l\u00e4ra dig mer om utbildningssystemet i Finland, aktuella politiska fr\u00e5gor och den kontinuerliga utvecklingen av utbildningen. http:\/\/www.oph.fi<\/p>\n","protected":false},"author":1,"featured_media":139,"parent":0,"menu_order":0,"comment_status":"closed","ping_status":"closed","template":"","meta":{"footnotes":""},"yoast_head":"<!-- This site is optimized with the Yoast SEO plugin v22.6 - https:\/\/yoast.com\/wordpress\/plugins\/seo\/ -->\n<title>Utbildningsstyrelsen - Eduvisit<\/title>\n<meta name=\"robots\" content=\"index, follow, max-snippet:-1, max-image-preview:large, max-video-preview:-1\" \/>\n<link rel=\"canonical\" href=\"https:\/\/eduvisit.hyplusglobal.fi\/sv\/utbildningsstyrelsen\/\" \/>\n<meta property=\"og:locale\" content=\"sv_SE\" \/>\n<meta property=\"og:type\" content=\"article\" \/>\n<meta property=\"og:title\" content=\"Utbildningsstyrelsen - Eduvisit\" \/>\n<meta property=\"og:description\" content=\"Bes\u00f6k till Utbildningsstyrelsen P\u00e5 utbildningsstyrelsen f\u00e5r du l\u00e4ra dig mer om utbildningssystemet i Finland, aktuella politiska fr\u00e5gor och den kontinuerliga utvecklingen av utbildningen. http:\/\/www.oph.fi\" \/>\n<meta property=\"og:url\" content=\"https:\/\/eduvisit.hyplusglobal.fi\/sv\/utbildningsstyrelsen\/\" \/>\n<meta property=\"og:site_name\" content=\"Eduvisit\" \/>\n<meta property=\"article:modified_time\" content=\"2017-08-22T06:48:19+00:00\" \/>\n<meta property=\"og:image\" content=\"https:\/\/eduvisit.hyplusglobal.fi\/wp-content\/uploads\/sites\/4\/2017\/08\/Eduvisit-national-agency-of-education_HY_Linda-Tammisto.jpg\" \/>\n\t<meta property=\"og:image:width\" content=\"1920\" \/>\n\t<meta property=\"og:image:height\" content=\"1280\" \/>\n\t<meta property=\"og:image:type\" content=\"image\/jpeg\" \/>\n<meta name=\"twitter:card\" content=\"summary_large_image\" \/>\n<script type=\"application\/ld+json\" class=\"yoast-schema-graph\">{\"@context\":\"https:\/\/schema.org\",\"@graph\":[{\"@type\":\"WebPage\",\"@id\":\"https:\/\/eduvisit.hyplusglobal.fi\/sv\/utbildningsstyrelsen\/\",\"url\":\"https:\/\/eduvisit.hyplusglobal.fi\/sv\/utbildningsstyrelsen\/\",\"name\":\"Utbildningsstyrelsen - Eduvisit\",\"isPartOf\":{\"@id\":\"https:\/\/eduvisit.hyplusglobal.fi\/#website\"},\"primaryImageOfPage\":{\"@id\":\"https:\/\/eduvisit.hyplusglobal.fi\/sv\/utbildningsstyrelsen\/#primaryimage\"},\"image\":{\"@id\":\"https:\/\/eduvisit.hyplusglobal.fi\/sv\/utbildningsstyrelsen\/#primaryimage\"},\"thumbnailUrl\":\"https:\/\/eduvisit.hyplusglobal.fi\/wp-content\/uploads\/sites\/4\/2017\/08\/Eduvisit-national-agency-of-education_HY_Linda-Tammisto.jpg\",\"datePublished\":\"2017-08-09T06:47:45+00:00\",\"dateModified\":\"2017-08-22T06:48:19+00:00\",\"breadcrumb\":{\"@id\":\"https:\/\/eduvisit.hyplusglobal.fi\/sv\/utbildningsstyrelsen\/#breadcrumb\"},\"inLanguage\":\"sv-SE\",\"potentialAction\":[{\"@type\":\"ReadAction\",\"target\":[\"https:\/\/eduvisit.hyplusglobal.fi\/sv\/utbildningsstyrelsen\/\"]}]},{\"@type\":\"ImageObject\",\"inLanguage\":\"sv-SE\",\"@id\":\"https:\/\/eduvisit.hyplusglobal.fi\/sv\/utbildningsstyrelsen\/#primaryimage\",\"url\":\"https:\/\/eduvisit.hyplusglobal.fi\/wp-content\/uploads\/sites\/4\/2017\/08\/Eduvisit-national-agency-of-education_HY_Linda-Tammisto.jpg\",\"contentUrl\":\"https:\/\/eduvisit.hyplusglobal.fi\/wp-content\/uploads\/sites\/4\/2017\/08\/Eduvisit-national-agency-of-education_HY_Linda-Tammisto.jpg\",\"width\":1920,\"height\":1280},{\"@type\":\"BreadcrumbList\",\"@id\":\"https:\/\/eduvisit.hyplusglobal.fi\/sv\/utbildningsstyrelsen\/#breadcrumb\",\"itemListElement\":[{\"@type\":\"ListItem\",\"position\":1,\"name\":\"Home\",\"item\":\"https:\/\/eduvisit.hyplusglobal.fi\/sv\/\"},{\"@type\":\"ListItem\",\"position\":2,\"name\":\"Utbildningsstyrelsen\"}]},{\"@type\":\"WebSite\",\"@id\":\"https:\/\/eduvisit.hyplusglobal.fi\/#website\",\"url\":\"https:\/\/eduvisit.hyplusglobal.fi\/\",\"name\":\"Eduvisit\",\"description\":\"Eduvisit | HY+ Global Univisits\",\"potentialAction\":[{\"@type\":\"SearchAction\",\"target\":{\"@type\":\"EntryPoint\",\"urlTemplate\":\"https:\/\/eduvisit.hyplusglobal.fi\/?s={search_term_string}\"},\"query-input\":\"required name=search_term_string\"}],\"inLanguage\":\"sv-SE\"}]}<\/script>\n<!-- \/ Yoast SEO plugin. -->","yoast_head_json":{"title":"Utbildningsstyrelsen - Eduvisit","robots":{"index":"index","follow":"follow","max-snippet":"max-snippet:-1","max-image-preview":"max-image-preview:large","max-video-preview":"max-video-preview:-1"},"canonical":"https:\/\/eduvisit.hyplusglobal.fi\/sv\/utbildningsstyrelsen\/","og_locale":"sv_SE","og_type":"article","og_title":"Utbildningsstyrelsen - Eduvisit","og_description":"Bes\u00f6k till Utbildningsstyrelsen P\u00e5 utbildningsstyrelsen f\u00e5r du l\u00e4ra dig mer om utbildningssystemet i Finland, aktuella politiska fr\u00e5gor och den kontinuerliga utvecklingen av utbildningen. http:\/\/www.oph.fi","og_url":"https:\/\/eduvisit.hyplusglobal.fi\/sv\/utbildningsstyrelsen\/","og_site_name":"Eduvisit","article_modified_time":"2017-08-22T06:48:19+00:00","og_image":[{"width":1920,"height":1280,"url":"https:\/\/eduvisit.hyplusglobal.fi\/wp-content\/uploads\/sites\/4\/2017\/08\/Eduvisit-national-agency-of-education_HY_Linda-Tammisto.jpg","type":"image\/jpeg"}],"twitter_card":"summary_large_image","schema":{"@context":"https:\/\/schema.org","@graph":[{"@type":"WebPage","@id":"https:\/\/eduvisit.hyplusglobal.fi\/sv\/utbildningsstyrelsen\/","url":"https:\/\/eduvisit.hyplusglobal.fi\/sv\/utbildningsstyrelsen\/","name":"Utbildningsstyrelsen - Eduvisit","isPartOf":{"@id":"https:\/\/eduvisit.hyplusglobal.fi\/#website"},"primaryImageOfPage":{"@id":"https:\/\/eduvisit.hyplusglobal.fi\/sv\/utbildningsstyrelsen\/#primaryimage"},"image":{"@id":"https:\/\/eduvisit.hyplusglobal.fi\/sv\/utbildningsstyrelsen\/#primaryimage"},"thumbnailUrl":"https:\/\/eduvisit.hyplusglobal.fi\/wp-content\/uploads\/sites\/4\/2017\/08\/Eduvisit-national-agency-of-education_HY_Linda-Tammisto.jpg","datePublished":"2017-08-09T06:47:45+00:00","dateModified":"2017-08-22T06:48:19+00:00","breadcrumb":{"@id":"https:\/\/eduvisit.hyplusglobal.fi\/sv\/utbildningsstyrelsen\/#breadcrumb"},"inLanguage":"sv-SE","potentialAction":[{"@type":"ReadAction","target":["https:\/\/eduvisit.hyplusglobal.fi\/sv\/utbildningsstyrelsen\/"]}]},{"@type":"ImageObject","inLanguage":"sv-SE","@id":"https:\/\/eduvisit.hyplusglobal.fi\/sv\/utbildningsstyrelsen\/#primaryimage","url":"https:\/\/eduvisit.hyplusglobal.fi\/wp-content\/uploads\/sites\/4\/2017\/08\/Eduvisit-national-agency-of-education_HY_Linda-Tammisto.jpg","contentUrl":"https:\/\/eduvisit.hyplusglobal.fi\/wp-content\/uploads\/sites\/4\/2017\/08\/Eduvisit-national-agency-of-education_HY_Linda-Tammisto.jpg","width":1920,"height":1280},{"@type":"BreadcrumbList","@id":"https:\/\/eduvisit.hyplusglobal.fi\/sv\/utbildningsstyrelsen\/#breadcrumb","itemListElement":[{"@type":"ListItem","position":1,"name":"Home","item":"https:\/\/eduvisit.hyplusglobal.fi\/sv\/"},{"@type":"ListItem","position":2,"name":"Utbildningsstyrelsen"}]},{"@type":"WebSite","@id":"https:\/\/eduvisit.hyplusglobal.fi\/#website","url":"https:\/\/eduvisit.hyplusglobal.fi\/","name":"Eduvisit","description":"Eduvisit | HY+ Global Univisits","potentialAction":[{"@type":"SearchAction","target":{"@type":"EntryPoint","urlTemplate":"https:\/\/eduvisit.hyplusglobal.fi\/?s={search_term_string}"},"query-input":"required name=search_term_string"}],"inLanguage":"sv-SE"}]}},"_links":{"self":[{"href":"https:\/\/eduvisit.hyplusglobal.fi\/sv\/wp-json\/wp\/v2\/pages\/96\/"}],"collection":[{"href":"https:\/\/eduvisit.hyplusglobal.fi\/sv\/wp-json\/wp\/v2\/pages\/"}],"about":[{"href":"https:\/\/eduvisit.hyplusglobal.fi\/sv\/wp-json\/wp\/v2\/types\/page\/"}],"author":[{"embeddable":true,"href":"https:\/\/eduvisit.hyplusglobal.fi\/sv\/wp-json\/wp\/v2\/users\/1\/"}],"replies":[{"embeddable":true,"href":"https:\/\/eduvisit.hyplusglobal.fi\/sv\/wp-json\/wp\/v2\/comments\/?post=96"}],"version-history":[{"count":4,"href":"https:\/\/eduvisit.hyplusglobal.fi\/sv\/wp-json\/wp\/v2\/pages\/96\/revisions\/"}],"predecessor-version":[{"id":200,"href":"https:\/\/eduvisit.hyplusglobal.fi\/sv\/wp-json\/wp\/v2\/pages\/96\/revisions\/200\/"}],"wp:featuredmedia":[{"embeddable":true,"href":"https:\/\/eduvisit.hyplusglobal.fi\/sv\/wp-json\/wp\/v2\/media\/139\/"}],"wp:attachment":[{"href":"https:\/\/eduvisit.hyplusglobal.fi\/sv\/wp-json\/wp\/v2\/media\/?parent=96"}],"curies":[{"name":"wp","href":"https:\/\/api.w.org\/{rel}","templated":true}]}}